 {"id":2153,"date":"2023-12-01T20:02:34","date_gmt":"2023-12-01T18:02:34","guid":{"rendered":"https:\/\/rapiplant1.com\/?page_id=2153"},"modified":"2023-12-01T20:02:34","modified_gmt":"2023-12-01T18:02:34","slug":"bulbos-de-flor-en-casa","status":"publish","type":"page","link":"https:\/\/rapiplant1.com\/es\/bulbos-de-flor-en-casa\/","title":{"rendered":"Bulbos de flor en casa"},"content":{"rendered":"<h1><strong>Bulbos de flor en casa<\/strong><\/h1>\n<p><img decoding=\"async\" class=\"lazyload alignnone wp-image-2156\" src=\"https:\/\/rapiplant1.com\/wp-content\/uploads\/2023\/12\/bulbos2-300x152.jpg\" data-orig-src=\"https:\/\/rapiplant1.com\/wp-content\/uploads\/2023\/12\/bulbos2-300x152.jpg\" alt=\"\" width=\"685\" height=\"347\" srcset=\"data:image\/svg+xml,%3Csvg%20xmlns%3D%27http%3A%2F%2Fwww.w3.org%2F2000%2Fsvg%27%20width%3D%27685%27%20height%3D%27347%27%20viewBox%3D%270%200%20685%20347%27%3E%3Crect%20width%3D%27685%27%20height%3D%27347%27%20fill-opacity%3D%220%22%2F%3E%3C%2Fsvg%3E\" data-srcset=\"https:\/\/rapiplant1.com\/wp-content\/uploads\/2023\/12\/bulbos2-200x101.jpg 200w, https:\/\/rapiplant1.com\/wp-content\/uploads\/2023\/12\/bulbos2-300x152.jpg 300w, https:\/\/rapiplant1.com\/wp-content\/uploads\/2023\/12\/bulbos2-400x202.jpg 400w, https:\/\/rapiplant1.com\/wp-content\/uploads\/2023\/12\/bulbos2-600x303.jpg 600w, https:\/\/rapiplant1.com\/wp-content\/uploads\/2023\/12\/bulbos2-768x388.jpg 768w, https:\/\/rapiplant1.com\/wp-content\/uploads\/2023\/12\/bulbos2-800x404.jpg 800w, https:\/\/rapiplant1.com\/wp-content\/uploads\/2023\/12\/bulbos2-1024x517.jpg 1024w, https:\/\/rapiplant1.com\/wp-content\/uploads\/2023\/12\/bulbos2.jpg 1031w\" data-sizes=\"auto\" data-orig-sizes=\"(max-width: 685px) 100vw, 685px\" \/><\/p>\n<h3><strong>Disfruta la sensaci\u00f3n de la primavera en invierno<\/strong><\/h3>\n<p><strong>Los 10 mejores bulbos que te hacen feliz<\/strong><\/p>\n<p>\u00bfYa los conoces, los bulbos que crecen bien como bulbo en maceta en casa? Te los presentamos.<\/p>\n<p>&nbsp;<\/p>\n<ol>\n<li><strong> Narciso<\/strong><\/li>\n<\/ol>\n<p>Probablemente ya conozcas el narciso amarillo, pero tambi\u00e9n hay narcisos blancos, rosados y bicolores.<\/p>\n<p>&nbsp;<\/p>\n<ol start=\"2\">\n<li><strong> Jacinto<\/strong><\/li>\n<\/ol>\n<p>Este bulbo est\u00e1 disponible en varios colores y todos difunden una fragancia de primavera. Pruebe algo nuevo y elija la variante de flor doble o la de multiflora.<\/p>\n<p><strong>\u00a0<\/strong><\/p>\n<ol start=\"3\">\n<li><strong> Tulip\u00e1n<\/strong><\/li>\n<\/ol>\n<p>Cuando pienses en la primavera, piensa en tulipanes. A partir de abril se florecen en el jard\u00edn, pero como bulbo en maceta puedes disfrutarlos mucho antes. Al igual que la rosa, cada tulip\u00e1n tiene su significado.<\/p>\n<p><strong>\u00a0<\/strong><\/p>\n<ol start=\"4\">\n<li><strong> Crocus<\/strong><\/li>\n<\/ol>\n<p>Al final del invierno, el crocus aparece fuera del suelo. Tambi\u00e9n aprecian est\u00e1r en una maceta en casa. El crocus est\u00e1 disponible en muchos colores, por lo que hay algo para todos.<\/p>\n<p><strong>\u00a0<\/strong><\/p>\n<ol start=\"5\">\n<li><strong> Nazareno<\/strong><\/li>\n<\/ol>\n<p>El color de las flores es en general azul, pero hoy del d\u00eda hay especies de color blanco. Tiene un olor agradable que se refiere al nombre cient\u00edfico: Muscari. \u00bfSab\u00edas que esta planta tambi\u00e9n es apreciada por sus cualidades sabrosas y medicinales?<\/p>\n<p>&nbsp;<\/p>\n<ol start=\"6\">\n<li><strong> An\u00e9mona blanda<\/strong><\/li>\n<\/ol>\n<p>Las deliciosas flores de este bulbo son azules o blancas con un coraz\u00f3n amarillo.<\/p>\n<p>&nbsp;<\/p>\n<ol start=\"7\">\n<li><strong> Iris<\/strong><\/li>\n<\/ol>\n<p>Con sus flores intensamente azules, estos bulbos llaman la antenci\u00f3n, porque hay pocas plantas con este color profundo. El iris tambi\u00e9n est\u00e1 disponible en blanco y morado.<\/p>\n<p>&nbsp;<\/p>\n<ol start=\"8\">\n<li><strong> Convallaria<\/strong><\/li>\n<\/ol>\n<p>Este bulbo emana una muy buena fragancia de primavera. Esto, combinado con sus flores rom\u00e1nticas, hace que la Convallaria es un verdadero campe\u00f3n de primavera.<\/p>\n<p>&nbsp;<\/p>\n<ol start=\"9\">\n<li><strong> Fritilaria<\/strong><\/li>\n<\/ol>\n<p>Bonito nombre, \u00bfverdad? La planta con flores amarillas, blancas o moradas parece bastante fr\u00e1gil, pero este bulbo en maceta es m\u00e1s fuerte que piensas.<\/p>\n<p>&nbsp;<\/p>\n<ol start=\"10\">\n<li><strong> Galanthus nivalis<\/strong><\/li>\n<\/ol>\n<p>El galanthus ya est\u00e1 disponible en enero y febrero y es de color blanco.<\/p>\n<p>&nbsp;<\/p>\n<p><img decoding=\"async\" class=\"lazyload alignnone wp-image-2154\" src=\"https:\/\/rapiplant1.com\/wp-content\/uploads\/2023\/12\/bulbos1-300x225.jpg\" data-orig-src=\"https:\/\/rapiplant1.com\/wp-content\/uploads\/2023\/12\/bulbos1-300x225.jpg\" alt=\"\" width=\"558\" height=\"418\" srcset=\"data:image\/svg+xml,%3Csvg%20xmlns%3D%27http%3A%2F%2Fwww.w3.org%2F2000%2Fsvg%27%20width%3D%27558%27%20height%3D%27418%27%20viewBox%3D%270%200%20558%20418%27%3E%3Crect%20width%3D%27558%27%20height%3D%27418%27%20fill-opacity%3D%220%22%2F%3E%3C%2Fsvg%3E\" data-srcset=\"https:\/\/rapiplant1.com\/wp-content\/uploads\/2023\/12\/bulbos1-200x150.jpg 200w, https:\/\/rapiplant1.com\/wp-content\/uploads\/2023\/12\/bulbos1-300x225.jpg 300w, https:\/\/rapiplant1.com\/wp-content\/uploads\/2023\/12\/bulbos1-400x301.jpg 400w, https:\/\/rapiplant1.com\/wp-content\/uploads\/2023\/12\/bulbos1-600x451.jpg 600w, https:\/\/rapiplant1.com\/wp-content\/uploads\/2023\/12\/bulbos1.jpg 604w\" data-sizes=\"auto\" data-orig-sizes=\"(max-width: 558px) 100vw, 558px\" \/><\/p>\n<p>&nbsp;<\/p>\n<p><strong>Cuidados<\/strong><\/p>\n<p>Coloque la planta en casa en el lugar m\u00e1s fresco posible para una floraci\u00f3n prolongada.<\/p>\n<p>Aseg\u00farese de que el terr\u00f3n nunca se seque, pero no humedezca los bulbos porque pueden pudrirse.<\/p>\n<p>La nutrici\u00f3n no es necesaria, la mayor\u00eda de los alimentos ya est\u00e1n presentes en el bulbo.<\/p>\n<p>Despu\u00e9s de que los bulbos hayan terminado de florecer en casa, puede plantarlos en el jard\u00edn. Aseg\u00farese de que las bombillas est\u00e9n bajo tierra. Con el cuidado adecuado, florecen nuevamente al a\u00f1o siguiente.<\/p>\n<p>&nbsp;<\/p>\n<p><strong>\u00bfSab\u00edas que?<\/strong><\/p>\n<p>Bulbos necesitan pasar un per\u00edodo de fr\u00edo para florecer. De forma natural, las flores de estos bulbos surgen de marzo a mayo despu\u00e9s de haber soportado los meses de invierno enterrados en el jard\u00edn. Para conseguir que florezcan en febrero los viveristas tienen que enga\u00f1arlos: primero someten a los bulbos durante algunas semanas a temperaturas que oscilan entre los cinco y los 10\u00ba; a continuaci\u00f3n los plantan en tiestos y los llevan a los invernaderos, donde son forzados, es decir, expuestos a temperaturas considerablemente m\u00e1s altas. As\u00ed, sintiendo que la primavera ha llegado, los bulbos salen anticipadamente de su letargo y emiten sus varas florales en pleno invierno.<\/p>\n","protected":false},"excerpt":{"rendered":"<p> [&hellip;]<\/p>\n","protected":false},"author":1,"featured_media":0,"parent":0,"menu_order":0,"comment_status":"closed","ping_status":"closed","template":"","meta":{"footnotes":""},"class_list":["post-2153","page","type-page","status-publish","hentry"],"yoast_head":"<!-- This site is optimized with the Yoast SEO plugin v21.4 - https:\/\/yoast.com\/wordpress\/plugins\/seo\/ -->\n<title>Bulbos de flor en casa - Rapiplant 1<\/title>\n<meta name=\"robots\" content=\"index, follow, max-snippet:-1, max-image-preview:large, max-video-preview:-1\" \/>\n<link rel=\"canonical\" href=\"https:\/\/rapiplant1.com\/es\/bulbos-de-flor-en-casa\/\" \/>\n<meta property=\"og:locale\" content=\"es_ES\" \/>\n<meta property=\"og:type\" content=\"article\" \/>\n<meta property=\"og:title\" content=\"Bulbos de flor en casa - Rapiplant 1\" \/>\n<meta property=\"og:description\" content=\"[&hellip;]\" \/>\n<meta property=\"og:url\" content=\"https:\/\/rapiplant1.com\/es\/bulbos-de-flor-en-casa\/\" \/>\n<meta property=\"og:site_name\" content=\"Rapiplant 1\" \/>\n<meta property=\"article:publisher\" content=\"https:\/\/www.facebook.com\/Rapiplant1\/\" \/>\n<meta property=\"og:image\" content=\"https:\/\/rapiplant1.com\/wp-content\/uploads\/2023\/12\/bulbos2-300x152.jpg\" \/>\n<meta name=\"twitter:card\" content=\"summary_large_image\" \/>\n<meta name=\"twitter:label1\" content=\"Tiempo de lectura\" \/>\n\t<meta name=\"twitter:data1\" content=\"4 minutos\" \/>\n<script type=\"application\/ld+json\" class=\"yoast-schema-graph\">{\"@context\":\"https:\/\/schema.org\",\"@graph\":[{\"@type\":\"WebPage\",\"@id\":\"https:\/\/rapiplant1.com\/es\/bulbos-de-flor-en-casa\/\",\"url\":\"https:\/\/rapiplant1.com\/es\/bulbos-de-flor-en-casa\/\",\"name\":\"Bulbos de flor en casa - Rapiplant 1\",\"isPartOf\":{\"@id\":\"https:\/\/rapiplant1.com\/es\/#website\"},\"datePublished\":\"2023-12-01T18:02:34+00:00\",\"dateModified\":\"2023-12-01T18:02:34+00:00\",\"breadcrumb\":{\"@id\":\"https:\/\/rapiplant1.com\/es\/bulbos-de-flor-en-casa\/#breadcrumb\"},\"inLanguage\":\"es\",\"potentialAction\":[{\"@type\":\"ReadAction\",\"target\":[\"https:\/\/rapiplant1.com\/es\/bulbos-de-flor-en-casa\/\"]}]},{\"@type\":\"BreadcrumbList\",\"@id\":\"https:\/\/rapiplant1.com\/es\/bulbos-de-flor-en-casa\/#breadcrumb\",\"itemListElement\":[{\"@type\":\"ListItem\",\"position\":1,\"name\":\"Portada\",\"item\":\"https:\/\/rapiplant1.com\/es\/\"},{\"@type\":\"ListItem\",\"position\":2,\"name\":\"Bulbos de flor en casa\"}]},{\"@type\":\"WebSite\",\"@id\":\"https:\/\/rapiplant1.com\/es\/#website\",\"url\":\"https:\/\/rapiplant1.com\/es\/\",\"name\":\"Rapiplant 1\",\"description\":\"Un m\u00f3n de flors\",\"publisher\":{\"@id\":\"https:\/\/rapiplant1.com\/es\/#organization\"},\"potentialAction\":[{\"@type\":\"SearchAction\",\"target\":{\"@type\":\"EntryPoint\",\"urlTemplate\":\"https:\/\/rapiplant1.com\/es\/?s={search_term_string}\"},\"query-input\":\"required name=search_term_string\"}],\"inLanguage\":\"es\"},{\"@type\":\"Organization\",\"@id\":\"https:\/\/rapiplant1.com\/es\/#organization\",\"name\":\"Rapiplant 1\",\"url\":\"https:\/\/rapiplant1.com\/es\/\",\"logo\":{\"@type\":\"ImageObject\",\"inLanguage\":\"es\",\"@id\":\"https:\/\/rapiplant1.com\/es\/#\/schema\/logo\/image\/\",\"url\":\"https:\/\/rapiplant1.com\/wp-content\/uploads\/2023\/10\/Logo_Rapiplant1_retina.png\",\"contentUrl\":\"https:\/\/rapiplant1.com\/wp-content\/uploads\/2023\/10\/Logo_Rapiplant1_retina.png\",\"width\":1230,\"height\":532,\"caption\":\"Rapiplant 1\"},\"image\":{\"@id\":\"https:\/\/rapiplant1.com\/es\/#\/schema\/logo\/image\/\"},\"sameAs\":[\"https:\/\/www.facebook.com\/Rapiplant1\/\"]}]}<\/script>\n<!-- \/ Yoast SEO plugin. -->","yoast_head_json":{"title":"Bulbos de flor en casa - Rapiplant 1","robots":{"index":"index","follow":"follow","max-snippet":"max-snippet:-1","max-image-preview":"max-image-preview:large","max-video-preview":"max-video-preview:-1"},"canonical":"https:\/\/rapiplant1.com\/es\/bulbos-de-flor-en-casa\/","og_locale":"es_ES","og_type":"article","og_title":"Bulbos de flor en casa - Rapiplant 1","og_description":"[&hellip;]","og_url":"https:\/\/rapiplant1.com\/es\/bulbos-de-flor-en-casa\/","og_site_name":"Rapiplant 1","article_publisher":"https:\/\/www.facebook.com\/Rapiplant1\/","og_image":[{"url":"https:\/\/rapiplant1.com\/wp-content\/uploads\/2023\/12\/bulbos2-300x152.jpg"}],"twitter_card":"summary_large_image","twitter_misc":{"Tiempo de lectura":"4 minutos"},"schema":{"@context":"https:\/\/schema.org","@graph":[{"@type":"WebPage","@id":"https:\/\/rapiplant1.com\/es\/bulbos-de-flor-en-casa\/","url":"https:\/\/rapiplant1.com\/es\/bulbos-de-flor-en-casa\/","name":"Bulbos de flor en casa - Rapiplant 1","isPartOf":{"@id":"https:\/\/rapiplant1.com\/es\/#website"},"datePublished":"2023-12-01T18:02:34+00:00","dateModified":"2023-12-01T18:02:34+00:00","breadcrumb":{"@id":"https:\/\/rapiplant1.com\/es\/bulbos-de-flor-en-casa\/#breadcrumb"},"inLanguage":"es","potentialAction":[{"@type":"ReadAction","target":["https:\/\/rapiplant1.com\/es\/bulbos-de-flor-en-casa\/"]}]},{"@type":"BreadcrumbList","@id":"https:\/\/rapiplant1.com\/es\/bulbos-de-flor-en-casa\/#breadcrumb","itemListElement":[{"@type":"ListItem","position":1,"name":"Portada","item":"https:\/\/rapiplant1.com\/es\/"},{"@type":"ListItem","position":2,"name":"Bulbos de flor en casa"}]},{"@type":"WebSite","@id":"https:\/\/rapiplant1.com\/es\/#website","url":"https:\/\/rapiplant1.com\/es\/","name":"Rapiplant 1","description":"Un m\u00f3n de flors","publisher":{"@id":"https:\/\/rapiplant1.com\/es\/#organization"},"potentialAction":[{"@type":"SearchAction","target":{"@type":"EntryPoint","urlTemplate":"https:\/\/rapiplant1.com\/es\/?s={search_term_string}"},"query-input":"required name=search_term_string"}],"inLanguage":"es"},{"@type":"Organization","@id":"https:\/\/rapiplant1.com\/es\/#organization","name":"Rapiplant 1","url":"https:\/\/rapiplant1.com\/es\/","logo":{"@type":"ImageObject","inLanguage":"es","@id":"https:\/\/rapiplant1.com\/es\/#\/schema\/logo\/image\/","url":"https:\/\/rapiplant1.com\/wp-content\/uploads\/2023\/10\/Logo_Rapiplant1_retina.png","contentUrl":"https:\/\/rapiplant1.com\/wp-content\/uploads\/2023\/10\/Logo_Rapiplant1_retina.png","width":1230,"height":532,"caption":"Rapiplant 1"},"image":{"@id":"https:\/\/rapiplant1.com\/es\/#\/schema\/logo\/image\/"},"sameAs":["https:\/\/www.facebook.com\/Rapiplant1\/"]}]}},"_links":{"self":[{"href":"https:\/\/rapiplant1.com\/es\/wp-json\/wp\/v2\/pages\/2153","targetHints":{"allow":["GET"]}}],"collection":[{"href":"https:\/\/rapiplant1.com\/es\/wp-json\/wp\/v2\/pages"}],"about":[{"href":"https:\/\/rapiplant1.com\/es\/wp-json\/wp\/v2\/types\/page"}],"author":[{"embeddable":true,"href":"https:\/\/rapiplant1.com\/es\/wp-json\/wp\/v2\/users\/1"}],"replies":[{"embeddable":true,"href":"https:\/\/rapiplant1.com\/es\/wp-json\/wp\/v2\/comments?post=2153"}],"version-history":[{"count":3,"href":"https:\/\/rapiplant1.com\/es\/wp-json\/wp\/v2\/pages\/2153\/revisions"}],"predecessor-version":[{"id":2160,"href":"https:\/\/rapiplant1.com\/es\/wp-json\/wp\/v2\/pages\/2153\/revisions\/2160"}],"wp:attachment":[{"href":"https:\/\/rapiplant1.com\/es\/wp-json\/wp\/v2\/media?parent=2153"}],"curies":[{"name":"wp","href":"https:\/\/api.w.org\/{rel}","templated":true}]}}