{"id":1753,"date":"2023-10-27T17:15:25","date_gmt":"2023-10-27T15:15:25","guid":{"rendered":"https:\/\/rapiplant1.com\/?page_id=1753"},"modified":"2024-02-14T13:05:25","modified_gmt":"2024-02-14T11:05:25","slug":"politica-de-cookies","status":"publish","type":"page","link":"https:\/\/rapiplant1.com\/es\/politica-de-cookies\/","title":{"rendered":"Pol\u00edtica de cookies"},"content":{"rendered":"<h1 class=\"fusion-responsive-typography-calculated\" style=\"--fontsize: 56; line-height: 1.4;\" data-fontsize=\"56\" data-lineheight=\"78.4px\"><u><span style=\"vertical-align: inherit;\"><span style=\"vertical-align: inherit;\">Pol\u00edtica de Cookies<\/span><\/span><\/u><\/h1>\n<p><span style=\"vertical-align: inherit;\"><span style=\"vertical-align: inherit;\">Este sitio web utiliza cookies propias y de terceros para ofrecerle una mejor experiencia y servicio. Al navegar o utilizar nuestros servicios, el usuario acepta el uso que hacemos de las cookies. Sin embargo, el usuario tiene la opci\u00f3n de impedir la generaci\u00f3n de cookies y la eliminaci\u00f3n de las mismas mediante la selecci\u00f3n de la correspondiente.<\/span><\/span><\/p>\n<p><strong>\u00a0<\/strong><\/p>\n<p><strong><span style=\"vertical-align: inherit;\"><span style=\"vertical-align: inherit;\">\u00bfQu\u00e9 es una cookie?<\/span><\/span><\/strong><\/p>\n<p><span style=\"vertical-align: inherit;\"><span style=\"vertical-align: inherit;\">Una cookie es un peque\u00f1o fragmento de texto que los sitios web env\u00edan al navegador y que se almacenan en el terminal del usuario, que puede ser un ordenador personal, un tel\u00e9fono m\u00f3vil, tableta, etc. Estos archivos permiten que el sitio web recuerde informaci\u00f3n sobre su visita, como el idioma y las opciones preferidas, lo que puede facilitar su pr\u00f3xima visita y hacer que el sitio resulte m\u00e1s \u00fatil al personalizar su contenido. Las cookies desempe\u00f1an un papel muy importante, al mejorar la experiencia de uso de la Web.<\/span><\/span><\/p>\n<p>&nbsp;<\/p>\n<p><strong><span style=\"vertical-align: inherit;\"><span style=\"vertical-align: inherit;\">Tipo de cookies<\/span><\/span><\/strong><\/p>\n<p><span style=\"vertical-align: inherit;\"><span style=\"vertical-align: inherit;\">Seg\u00fan la entidad que las gestione, las cookies pueden ser:<\/span><\/span><\/p>\n<ul>\n<li><strong><span style=\"vertical-align: inherit;\"><span style=\"vertical-align: inherit;\">Cookies propias:<\/span><\/span><\/strong><span style=\"vertical-align: inherit;\"><span style=\"vertical-align: inherit;\"> Son aqu\u00e9llas que se env\u00edan al equipo terminal del interesado desde un equipo o dominio gestionado por el propio editor y desde el que se presta el servicio solicitado por el usuario.<\/span><\/span><\/li>\n<li><strong><span style=\"vertical-align: inherit;\"><span style=\"vertical-align: inherit;\">Cookies de terceros:<\/span><\/span><\/strong><span style=\"vertical-align: inherit;\"><span style=\"vertical-align: inherit;\"> Son aquellas que se env\u00edan al equipo terminal del usuario desde un equipo o dominio que no es gestionado por el editor, sino por otra entidad que trata los datos obtenidos a trav\u00e9s de las cookies.<\/span><\/span><\/li>\n<\/ul>\n<p>&nbsp;<\/p>\n<p><span style=\"vertical-align: inherit;\"><span style=\"vertical-align: inherit;\">Seg\u00fan el plazo de tiempo que permanecen activadas:<\/span><\/span><\/p>\n<ul>\n<li><strong><span style=\"vertical-align: inherit;\"><span style=\"vertical-align: inherit;\">Cookies de sesi\u00f3n<\/span><\/span><\/strong><span style=\"vertical-align: inherit;\"><span style=\"vertical-align: inherit;\"> : Son un tipo de cookies dise\u00f1adas para recabar y almacenar datos mientras el usuario accede a una p\u00e1gina web. Se suelen utilizar para almacenar informaci\u00f3n que s\u00f3lo interesa conservar para la prestaci\u00f3n del servicio solicitado por el usuario en una sola ocasi\u00f3n.<\/span><\/span><\/li>\n<li><strong><span style=\"vertical-align: inherit;\"><span style=\"vertical-align: inherit;\">Cookies persistentes:<\/span><\/span><\/strong><span style=\"vertical-align: inherit;\"><span style=\"vertical-align: inherit;\"> Son un tipo de cookies en el que los datos siguen almacenados en el terminal y pueden ser accedidos y tratados durante un per\u00edodo definido por el responsable de la cookie, y que puede ir de unos minutos a varios a\u00f1os.<\/span><\/span><\/li>\n<\/ul>\n<p>&nbsp;<\/p>\n<p><span style=\"vertical-align: inherit;\"><span style=\"vertical-align: inherit;\">Seg\u00fan la finalidad para la que se traten los datos obtenidos a trav\u00e9s de las cookies, la web puede utilizar:<\/span><\/span><\/p>\n<p>&nbsp;<\/p>\n<p><strong><em><span style=\"vertical-align: inherit;\"><span style=\"vertical-align: inherit;\">Cookies t\u00e9cnicas<\/span><\/span><\/em><\/strong><span style=\"vertical-align: inherit;\"><span style=\"vertical-align: inherit;\"> \u2013 Son aqu\u00e9llas que permiten al usuario la navegaci\u00f3n a trav\u00e9s de la p\u00e1gina web o aplicaci\u00f3n y la utilizaci\u00f3n de las diferentes opciones o servicios que en ella existen. Por ejemplo, controlar el tr\u00e1fico y la comunicaci\u00f3n de datos, identificar la sesi\u00f3n, acceder a las partes web de acceso restringido, recordar los elementos que integran un pedido, realizar la solicitud de inscripci\u00f3n o participaci\u00f3n en un evento, utilizar elementos de seguridad durante la navegaci\u00f3n y almacenar contenidos para la difusi\u00f3n de v\u00eddeos o sonido.<\/span><\/span><\/p>\n<p>&nbsp;<\/p>\n<p><strong><em><span style=\"vertical-align: inherit;\"><span style=\"vertical-align: inherit;\">Cookies de personalizaci\u00f3n<\/span><\/span><\/em><\/strong><span style=\"vertical-align: inherit;\"><span style=\"vertical-align: inherit;\"> \u2013 Son aquellas que permiten al usuario acceder al servicio con algunas caracter\u00edsticas de car\u00e1cter general predefinidas en su terminal o que el propio usuario defina. Por ejemplo, el idioma, el tipo de navegador a trav\u00e9s del cual accede al servicio, el dise\u00f1o de contenidos seleccionado, la geolocalizaci\u00f3n del terminal y la configuraci\u00f3n regional desde donde se accede al servicio.<\/span><\/span><\/p>\n<p>&nbsp;<\/p>\n<p><strong><em><span style=\"vertical-align: inherit;\"><span style=\"vertical-align: inherit;\">Cookies publicitarias<\/span><\/span><\/em><\/strong><span style=\"vertical-align: inherit;\"><span style=\"vertical-align: inherit;\"> &#8211; Son aquellas que permiten la gesti\u00f3n eficaz de los espacios publicitarios que se han incluido en la p\u00e1gina web o aplicaci\u00f3n desde la que se presta el servicio. Permiten adecuar el contenido de la publicidad para que \u00e9sta sea relevante para el usuario y para evitar mostrar anuncios que el usuario ya haya visto.<\/span><\/span><\/p>\n<p>&nbsp;<\/p>\n<p><strong><em><span style=\"vertical-align: inherit;\"><span style=\"vertical-align: inherit;\">Cookies de an\u00e1lisis estad\u00edstico<\/span><\/span><\/em><\/strong><span style=\"vertical-align: inherit;\"><span style=\"vertical-align: inherit;\"> \u2013 Son aquellas que permiten realizar el seguimiento y an\u00e1lisis del comportamiento de los usuarios en los sitios web. La informaci\u00f3n recogida mediante este tipo de cookies se utiliza en la medici\u00f3n de la actividad de los sitios web, aplicaci\u00f3n o plataforma y para la elaboraci\u00f3n de perfiles de navegaci\u00f3n de los usuarios de estos sitios, con el fin de introducir mejoras en el servicio en funci\u00f3n de los datos de uso que hacen los usuarios.<\/span><\/span><\/p>\n<p>&nbsp;<\/p>\n<p><span style=\"vertical-align: inherit;\"><span style=\"vertical-align: inherit;\">Las cookies utilizadas en este sitio web pueden verse en el <\/span><\/span><strong><em><u><span style=\"vertical-align: inherit;\"><span style=\"vertical-align: inherit;\">panel de configuraci\u00f3n<\/span><\/span><\/u><\/em><\/strong><span style=\"vertical-align: inherit;\"><span style=\"vertical-align: inherit;\"> y ajustar su configuraci\u00f3n en cualquier momento.<\/span><\/span><\/p>\n<p>&nbsp;<\/p>\n<p>&nbsp;<\/p>\n<p><strong><span style=\"vertical-align: inherit;\"><span style=\"vertical-align: inherit;\">La identificaci\u00f3n de quien utiliza las cookies, el tipo de cookies utilizadas y otros detalles<\/span><\/span><\/strong><span style=\"vertical-align: inherit;\"><span style=\"vertical-align: inherit;\"> , se indica a continuaci\u00f3n:<\/span><\/span><\/p>\n<p>&nbsp;<\/p>\n<p>&nbsp;<\/p>\n<table>\n<tbody>\n<tr>\n<td colspan=\"3\" width=\"566\"><strong><span style=\"vertical-align: inherit;\"><span style=\"vertical-align: inherit;\">Cookies propias<\/span><\/span><\/strong><\/td>\n<\/tr>\n<tr>\n<td width=\"230\"><strong><span style=\"vertical-align: inherit;\"><span style=\"vertical-align: inherit;\">Cookies<\/span><\/span><\/strong><\/td>\n<td width=\"223\"><strong><span style=\"vertical-align: inherit;\"><span style=\"vertical-align: inherit;\">Prop\u00f3sito<\/span><\/span><\/strong><\/td>\n<td width=\"113\"><strong><span style=\"vertical-align: inherit;\"><span style=\"vertical-align: inherit;\">Periodo de conservaci\u00f3n<\/span><\/span><\/strong><\/td>\n<\/tr>\n<tr>\n<td width=\"230\"><span style=\"vertical-align: inherit;\"><span style=\"vertical-align: inherit;\">CookieScriptConsent<\/span><\/span><\/td>\n<td width=\"223\"><span style=\"vertical-align: inherit;\"><span style=\"vertical-align: inherit;\">El servicio Cookie-Script.com utiliza esta cookie para recordar las preferencias de consentimiento de cookies de los visitantes. Es necesario que el banner de cookies de Cookie-Script.com funcione correctamente.<\/span><\/span><\/td>\n<td width=\"113\">&nbsp;<\/p>\n<p><span style=\"vertical-align: inherit;\"><span style=\"vertical-align: inherit;\">1 mes<\/span><\/span><\/td>\n<\/tr>\n<tr>\n<td width=\"230\"><span style=\"vertical-align: inherit;\"><span style=\"vertical-align: inherit;\">_GRECAPTCHA<\/span><\/span><\/td>\n<td width=\"223\"><span style=\"vertical-align: inherit;\"><span style=\"vertical-align: inherit;\">Google reCAPTCHA establece una cookie necesaria (_GRECAPTCHA) cuando se ejecuta con el fin de proporcionar su an\u00e1lisis de riesgo.<\/span><\/span><\/td>\n<td width=\"113\">&nbsp;<\/p>\n<p><span style=\"vertical-align: inherit;\"><span style=\"vertical-align: inherit;\">6 meses<\/span><\/span><\/td>\n<\/tr>\n<\/tbody>\n<\/table>\n<table>\n<tbody>\n<tr>\n<td colspan=\"4\" width=\"566\"><strong><span style=\"vertical-align: inherit;\"><span style=\"vertical-align: inherit;\">Cookies de terceras<\/span><\/span><\/strong><\/td>\n<\/tr>\n<tr>\n<td width=\"100\"><strong><span style=\"vertical-align: inherit;\"><span style=\"vertical-align: inherit;\">Cookies<\/span><\/span><\/strong><\/td>\n<td width=\"118\"><strong><span style=\"vertical-align: inherit;\"><span style=\"vertical-align: inherit;\">Entidad que utiliza las cookies<\/span><\/span><\/strong><\/td>\n<td width=\"230\"><strong><span style=\"vertical-align: inherit;\"><span style=\"vertical-align: inherit;\">Prop\u00f3sito<\/span><\/span><\/strong><\/td>\n<td width=\"118\"><strong><span style=\"vertical-align: inherit;\"><span style=\"vertical-align: inherit;\">M\u00e1s informaci\u00f3n<\/span><\/span><\/strong><\/td>\n<\/tr>\n<tr>\n<td width=\"100\"><span style=\"vertical-align: inherit;\"><span style=\"vertical-align: inherit;\">wp-wpml_current_language<\/span><\/span><\/td>\n<td width=\"118\"><span style=\"vertical-align: inherit;\"><span style=\"vertical-align: inherit;\">OnTheGoSystems Ltd.<\/span><\/span><\/td>\n<td width=\"230\"><span style=\"vertical-align: inherit;\"><span style=\"vertical-align: inherit;\">Almacena el idioma actual. De forma predeterminada, esta cookie est\u00e1 configurada solo para usuarios que han iniciado sesi\u00f3n. Si habilita la cookie de idioma para admitir el filtrado AJAX, esta cookie tambi\u00e9n se establecer\u00e1 para los usuarios que no hayan iniciado sesi\u00f3n.<\/span><\/span><\/td>\n<td width=\"118\"><span style=\"vertical-align: inherit;\"><span style=\"vertical-align: inherit;\">vencimiento de sisi\u00f3n<\/span><\/span><\/td>\n<\/tr>\n<\/tbody>\n<\/table>\n<p>&nbsp;<\/p>\n<p><span style=\"vertical-align: inherit;\"><span style=\"vertical-align: inherit;\">Nota: Las cookies de tipo \u201cPropias\u201d son utilizadas s\u00f3lo por el propietario de esta web y las cookies \u201cDe terceros\u201d son utilizadas, tambi\u00e9n, por el prestador del servicio detallado en la tabla anterior. <\/span><\/span><br \/>\n<span style=\"vertical-align: inherit;\"><span style=\"vertical-align: inherit;\"><br \/>\nPuede informarse de las transferencias a terceros pa\u00edses que, en su caso, realizan los terceros identificados en esta pol\u00edtica de cookies en sus correspondientes pol\u00edticas (ver los enlaces facilitados en el apartado \u201cM\u00e1s informaci\u00f3n\u201d de la tabla anterior).<\/span><\/span><\/p>\n<p><span style=\"vertical-align: inherit;\"><span style=\"vertical-align: inherit;\">\u00bfC\u00f3mo administrar cookies en su navegador? <\/span><\/span><br \/>\n<span style=\"vertical-align: inherit;\"><span style=\"vertical-align: inherit;\"><br \/>\nEl usuario tiene la opci\u00f3n de permitir, bloquear o eliminar las cookies instaladas en su equipo mediante la configuraci\u00f3n de las opciones del navegador instalado en su terminal:<\/span><\/span><\/p>\n<ul>\n<li><strong><span style=\"vertical-align: inherit;\"><span style=\"vertical-align: inherit;\">Firefox: <\/span><\/span><\/strong><br \/>\n<a href=\"http:\/\/support.mozilla.org\/es\/kb\/habilitar-y-deshabilitar-cookies-que-los-sitios-we\"><span style=\"vertical-align: inherit;\"><span style=\"vertical-align: inherit;\">http:\/\/support.mozilla.org\/es\/kb\/habilitar-y-deshabilitar-cookies-que-los-sitios-we<\/span><\/span><\/a><\/li>\n<li><strong><span style=\"vertical-align: inherit;\"><span style=\"vertical-align: inherit;\">Chrome: <\/span><\/span><\/strong><br \/>\n<a href=\"http:\/\/support.google.com\/chrome\/bin\/answer.py?hl=es&amp;answer=95647\"><span style=\"vertical-align: inherit;\"><span style=\"vertical-align: inherit;\">http:\/\/support.google.com\/chrome\/bin\/answer.py?hl=es&amp;answer=95647<\/span><\/span><\/a><\/li>\n<li><strong><span style=\"vertical-align: inherit;\"><span style=\"vertical-align: inherit;\">Internet Explorer: <\/span><\/span><\/strong><br \/>\n<a href=\"https:\/\/support.microsoft.com\/es-es\/help\/278835\/how-to-delete-cookie-files-in-internet-explorer\"><span style=\"vertical-align: inherit;\"><span style=\"vertical-align: inherit;\">https:\/\/support.microsoft.com\/es-es\/help\/278835\/how-to-delete-cookie-files-in-internet-explorer<\/span><\/span><\/a><\/li>\n<li><strong><span style=\"vertical-align: inherit;\"><span style=\"vertical-align: inherit;\">Microsoft Edge: <\/span><\/span><\/strong><br \/>\n<a href=\"https:\/\/support.microsoft.com\/es-es\/help\/4468242\/microsoft-edge-browsing-data-and-privacy-microsoft-privacy\"><span style=\"vertical-align: inherit;\"><span style=\"vertical-align: inherit;\">https:\/\/support.microsoft.com\/es-es\/help\/4468242\/microsoft-edge-browsing-data-and-privacy-microsoft-privacy<\/span><\/span><\/a><\/li>\n<li><strong><span style=\"vertical-align: inherit;\"><span style=\"vertical-align: inherit;\">Safari: <\/span><\/span><\/strong><br \/>\n<a href=\"http:\/\/support.apple.com\/kb\/ph5042\"><span style=\"vertical-align: inherit;\"><span style=\"vertical-align: inherit;\">http:\/\/support.apple.com\/kb\/ph5042<\/span><\/span><\/a><\/li>\n<li><strong><span style=\"vertical-align: inherit;\"><span style=\"vertical-align: inherit;\">Opera: <\/span><\/span><\/strong><br \/>\n<a href=\"http:\/\/help.opera.com\/Windows\/11.50\/es-ES\/cookies.html\"><span style=\"vertical-align: inherit;\"><span style=\"vertical-align: inherit;\">http:\/\/help.opera.com\/Windows\/11.50\/es-ES\/cookies.html<\/span><\/span><\/a><\/li>\n<\/ul>\n<p><span style=\"vertical-align: inherit;\"><span style=\"vertical-align: inherit;\">En caso de bloquear el uso de cookies en su navegador, es posible que algunos servicios o funcionalidades de la p\u00e1gina web no est\u00e9n disponibles.<\/span><\/span><\/p>\n<p><span style=\"vertical-align: inherit;\"><span style=\"vertical-align: inherit;\">En algunos navegadores se pueden configurar reglas espec\u00edficas para administrar cookies por sitio web, lo que ofrece un control m\u00e1s preciso sobre la privacidad. Esto significa que se pueden inhabilitar cookies de todos los sitios excepto de aquellos en los que se conf\u00ede.<\/span><\/span><\/p>\n","protected":false},"excerpt":{"rendered":"<p> [&hellip;]<\/p>\n","protected":false},"author":1,"featured_media":0,"parent":0,"menu_order":0,"comment_status":"closed","ping_status":"closed","template":"","meta":{"footnotes":""},"class_list":["post-1753","page","type-page","status-publish","hentry"],"yoast_head":"<!-- This site is optimized with the Yoast SEO plugin v21.4 - https:\/\/yoast.com\/wordpress\/plugins\/seo\/ -->\n<title>Pol\u00edtica de cookies - Rapiplant 1<\/title>\n<meta name=\"robots\" content=\"index, follow, max-snippet:-1, max-image-preview:large, max-video-preview:-1\" \/>\n<link rel=\"canonical\" href=\"https:\/\/rapiplant1.com\/es\/politica-de-cookies\/\" \/>\n<meta property=\"og:locale\" content=\"es_ES\" \/>\n<meta property=\"og:type\" content=\"article\" \/>\n<meta property=\"og:title\" content=\"Pol\u00edtica de cookies - Rapiplant 1\" \/>\n<meta property=\"og:description\" content=\"[&hellip;]\" \/>\n<meta property=\"og:url\" content=\"https:\/\/rapiplant1.com\/es\/politica-de-cookies\/\" \/>\n<meta property=\"og:site_name\" content=\"Rapiplant 1\" \/>\n<meta property=\"article:publisher\" content=\"https:\/\/www.facebook.com\/Rapiplant1\/\" \/>\n<meta property=\"article:modified_time\" content=\"2024-02-14T11:05:25+00:00\" \/>\n<meta name=\"twitter:card\" content=\"summary_large_image\" \/>\n<meta name=\"twitter:label1\" content=\"Tiempo de lectura\" \/>\n\t<meta name=\"twitter:data1\" content=\"6 minutos\" \/>\n<script type=\"application\/ld+json\" class=\"yoast-schema-graph\">{\"@context\":\"https:\/\/schema.org\",\"@graph\":[{\"@type\":\"WebPage\",\"@id\":\"https:\/\/rapiplant1.com\/es\/politica-de-cookies\/\",\"url\":\"https:\/\/rapiplant1.com\/es\/politica-de-cookies\/\",\"name\":\"Pol\u00edtica de cookies - Rapiplant 1\",\"isPartOf\":{\"@id\":\"https:\/\/rapiplant1.com\/es\/#website\"},\"datePublished\":\"2023-10-27T15:15:25+00:00\",\"dateModified\":\"2024-02-14T11:05:25+00:00\",\"breadcrumb\":{\"@id\":\"https:\/\/rapiplant1.com\/es\/politica-de-cookies\/#breadcrumb\"},\"inLanguage\":\"es\",\"potentialAction\":[{\"@type\":\"ReadAction\",\"target\":[\"https:\/\/rapiplant1.com\/es\/politica-de-cookies\/\"]}]},{\"@type\":\"BreadcrumbList\",\"@id\":\"https:\/\/rapiplant1.com\/es\/politica-de-cookies\/#breadcrumb\",\"itemListElement\":[{\"@type\":\"ListItem\",\"position\":1,\"name\":\"Portada\",\"item\":\"https:\/\/rapiplant1.com\/es\/\"},{\"@type\":\"ListItem\",\"position\":2,\"name\":\"Pol\u00edtica de cookies\"}]},{\"@type\":\"WebSite\",\"@id\":\"https:\/\/rapiplant1.com\/es\/#website\",\"url\":\"https:\/\/rapiplant1.com\/es\/\",\"name\":\"Rapiplant 1\",\"description\":\"Un m\u00f3n de flors\",\"publisher\":{\"@id\":\"https:\/\/rapiplant1.com\/es\/#organization\"},\"potentialAction\":[{\"@type\":\"SearchAction\",\"target\":{\"@type\":\"EntryPoint\",\"urlTemplate\":\"https:\/\/rapiplant1.com\/es\/?s={search_term_string}\"},\"query-input\":\"required name=search_term_string\"}],\"inLanguage\":\"es\"},{\"@type\":\"Organization\",\"@id\":\"https:\/\/rapiplant1.com\/es\/#organization\",\"name\":\"Rapiplant 1\",\"url\":\"https:\/\/rapiplant1.com\/es\/\",\"logo\":{\"@type\":\"ImageObject\",\"inLanguage\":\"es\",\"@id\":\"https:\/\/rapiplant1.com\/es\/#\/schema\/logo\/image\/\",\"url\":\"https:\/\/rapiplant1.com\/wp-content\/uploads\/2023\/10\/Logo_Rapiplant1_retina.png\",\"contentUrl\":\"https:\/\/rapiplant1.com\/wp-content\/uploads\/2023\/10\/Logo_Rapiplant1_retina.png\",\"width\":1230,\"height\":532,\"caption\":\"Rapiplant 1\"},\"image\":{\"@id\":\"https:\/\/rapiplant1.com\/es\/#\/schema\/logo\/image\/\"},\"sameAs\":[\"https:\/\/www.facebook.com\/Rapiplant1\/\"]}]}<\/script>\n<!-- \/ Yoast SEO plugin. -->","yoast_head_json":{"title":"Pol\u00edtica de cookies - Rapiplant 1","robots":{"index":"index","follow":"follow","max-snippet":"max-snippet:-1","max-image-preview":"max-image-preview:large","max-video-preview":"max-video-preview:-1"},"canonical":"https:\/\/rapiplant1.com\/es\/politica-de-cookies\/","og_locale":"es_ES","og_type":"article","og_title":"Pol\u00edtica de cookies - Rapiplant 1","og_description":"[&hellip;]","og_url":"https:\/\/rapiplant1.com\/es\/politica-de-cookies\/","og_site_name":"Rapiplant 1","article_publisher":"https:\/\/www.facebook.com\/Rapiplant1\/","article_modified_time":"2024-02-14T11:05:25+00:00","twitter_card":"summary_large_image","twitter_misc":{"Tiempo de lectura":"6 minutos"},"schema":{"@context":"https:\/\/schema.org","@graph":[{"@type":"WebPage","@id":"https:\/\/rapiplant1.com\/es\/politica-de-cookies\/","url":"https:\/\/rapiplant1.com\/es\/politica-de-cookies\/","name":"Pol\u00edtica de cookies - Rapiplant 1","isPartOf":{"@id":"https:\/\/rapiplant1.com\/es\/#website"},"datePublished":"2023-10-27T15:15:25+00:00","dateModified":"2024-02-14T11:05:25+00:00","breadcrumb":{"@id":"https:\/\/rapiplant1.com\/es\/politica-de-cookies\/#breadcrumb"},"inLanguage":"es","potentialAction":[{"@type":"ReadAction","target":["https:\/\/rapiplant1.com\/es\/politica-de-cookies\/"]}]},{"@type":"BreadcrumbList","@id":"https:\/\/rapiplant1.com\/es\/politica-de-cookies\/#breadcrumb","itemListElement":[{"@type":"ListItem","position":1,"name":"Portada","item":"https:\/\/rapiplant1.com\/es\/"},{"@type":"ListItem","position":2,"name":"Pol\u00edtica de cookies"}]},{"@type":"WebSite","@id":"https:\/\/rapiplant1.com\/es\/#website","url":"https:\/\/rapiplant1.com\/es\/","name":"Rapiplant 1","description":"Un m\u00f3n de flors","publisher":{"@id":"https:\/\/rapiplant1.com\/es\/#organization"},"potentialAction":[{"@type":"SearchAction","target":{"@type":"EntryPoint","urlTemplate":"https:\/\/rapiplant1.com\/es\/?s={search_term_string}"},"query-input":"required name=search_term_string"}],"inLanguage":"es"},{"@type":"Organization","@id":"https:\/\/rapiplant1.com\/es\/#organization","name":"Rapiplant 1","url":"https:\/\/rapiplant1.com\/es\/","logo":{"@type":"ImageObject","inLanguage":"es","@id":"https:\/\/rapiplant1.com\/es\/#\/schema\/logo\/image\/","url":"https:\/\/rapiplant1.com\/wp-content\/uploads\/2023\/10\/Logo_Rapiplant1_retina.png","contentUrl":"https:\/\/rapiplant1.com\/wp-content\/uploads\/2023\/10\/Logo_Rapiplant1_retina.png","width":1230,"height":532,"caption":"Rapiplant 1"},"image":{"@id":"https:\/\/rapiplant1.com\/es\/#\/schema\/logo\/image\/"},"sameAs":["https:\/\/www.facebook.com\/Rapiplant1\/"]}]}},"_links":{"self":[{"href":"https:\/\/rapiplant1.com\/es\/wp-json\/wp\/v2\/pages\/1753","targetHints":{"allow":["GET"]}}],"collection":[{"href":"https:\/\/rapiplant1.com\/es\/wp-json\/wp\/v2\/pages"}],"about":[{"href":"https:\/\/rapiplant1.com\/es\/wp-json\/wp\/v2\/types\/page"}],"author":[{"embeddable":true,"href":"https:\/\/rapiplant1.com\/es\/wp-json\/wp\/v2\/users\/1"}],"replies":[{"embeddable":true,"href":"https:\/\/rapiplant1.com\/es\/wp-json\/wp\/v2\/comments?post=1753"}],"version-history":[{"count":2,"href":"https:\/\/rapiplant1.com\/es\/wp-json\/wp\/v2\/pages\/1753\/revisions"}],"predecessor-version":[{"id":2168,"href":"https:\/\/rapiplant1.com\/es\/wp-json\/wp\/v2\/pages\/1753\/revisions\/2168"}],"wp:attachment":[{"href":"https:\/\/rapiplant1.com\/es\/wp-json\/wp\/v2\/media?parent=1753"}],"curies":[{"name":"wp","href":"https:\/\/api.w.org\/{rel}","templated":true}]}}